{"id":58,"date":"2025-06-04T14:43:47","date_gmt":"2025-06-04T14:43:47","guid":{"rendered":"https:\/\/turismo.federal.gob.ar\/sitio\/?page_id=58"},"modified":"2025-06-13T15:43:41","modified_gmt":"2025-06-13T15:43:41","slug":"historia","status":"publish","type":"page","link":"https:\/\/turismo.federal.gob.ar\/sitio\/historia\/","title":{"rendered":"Historia"},"content":{"rendered":"<h2>A trav\u00e9s del tiempo cuatro denominaciones distintas y un mismo pasado hist\u00f3rico fue el com\u00fan para dar nombre a nuestra ciudad: Las Yeguas, Colonia Antelo, Colonia Federal y finalmente Federal.<\/h2>\n<p>\t\t\t\t\t\t\t\t\t\t\t\t\t\t\t<img loading=\"lazy\" decoding=\"async\" width=\"1024\" height=\"1024\" src=\"https:\/\/turismo.federal.gob.ar\/sitio\/wp-content\/uploads\/2025\/06\/file_0000000051ec61fda7a84c2b8caa71fe-1.png\" alt=\"\" srcset=\"https:\/\/turismo.federal.gob.ar\/sitio\/wp-content\/uploads\/2025\/06\/file_0000000051ec61fda7a84c2b8caa71fe-1.png 1024w, https:\/\/turismo.federal.gob.ar\/sitio\/wp-content\/uploads\/2025\/06\/file_0000000051ec61fda7a84c2b8caa71fe-1-300x300.png 300w, https:\/\/turismo.federal.gob.ar\/sitio\/wp-content\/uploads\/2025\/06\/file_0000000051ec61fda7a84c2b8caa71fe-1-150x150.png 150w, https:\/\/turismo.federal.gob.ar\/sitio\/wp-content\/uploads\/2025\/06\/file_0000000051ec61fda7a84c2b8caa71fe-1-768x768.png 768w\" sizes=\"auto, (max-width: 1024px) 100vw, 1024px\" \/>\t\t\t\t\t\t\t\t\t\t\t\t\t\t\t<\/p>\n<p><strong>Las Yeguas:<\/strong> denominaci\u00f3n que comprend\u00eda el arroyo, el paraje y el distrito, caracterizado por el numeroso ganado caballar con predominio de yeguas. Esta designaci\u00f3n aparece en el empadronamiento censal del a\u00f1o 1803.<\/p>\n<p><strong>Colonia Antelo:<\/strong> el 7 de septiembre de 1880 se crea legalmente la colonia (planta urbana y chacras), inicialmente carec\u00eda de nombre, la costumbre y las comunicaciones de los jefes pol\u00edticos, la hab\u00edan denominado Colonia Antelo, quien siendo gobernador hab\u00eda firmado el decreto de fundaci\u00f3n.<\/p>\n<p>\t\t\t\t\t\t\t\t\t\t\t\t\t\t\t<img loading=\"lazy\" decoding=\"async\" width=\"1024\" height=\"1024\" src=\"https:\/\/turismo.federal.gob.ar\/sitio\/wp-content\/uploads\/2025\/06\/file_000000002e2861f7b309bf34bbe63634.png\" alt=\"\" srcset=\"https:\/\/turismo.federal.gob.ar\/sitio\/wp-content\/uploads\/2025\/06\/file_000000002e2861f7b309bf34bbe63634.png 1024w, https:\/\/turismo.federal.gob.ar\/sitio\/wp-content\/uploads\/2025\/06\/file_000000002e2861f7b309bf34bbe63634-300x300.png 300w, https:\/\/turismo.federal.gob.ar\/sitio\/wp-content\/uploads\/2025\/06\/file_000000002e2861f7b309bf34bbe63634-150x150.png 150w, https:\/\/turismo.federal.gob.ar\/sitio\/wp-content\/uploads\/2025\/06\/file_000000002e2861f7b309bf34bbe63634-768x768.png 768w\" sizes=\"auto, (max-width: 1024px) 100vw, 1024px\" \/><br \/>\n\t\t\t\t\t\t\t\t\t\t\t\t\t\t\t<img loading=\"lazy\" decoding=\"async\" width=\"1024\" height=\"1024\" src=\"https:\/\/turismo.federal.gob.ar\/sitio\/wp-content\/uploads\/2025\/06\/file_00000000621061fba9c156b6e9349253.png\" alt=\"\" srcset=\"https:\/\/turismo.federal.gob.ar\/sitio\/wp-content\/uploads\/2025\/06\/file_00000000621061fba9c156b6e9349253.png 1024w, https:\/\/turismo.federal.gob.ar\/sitio\/wp-content\/uploads\/2025\/06\/file_00000000621061fba9c156b6e9349253-300x300.png 300w, https:\/\/turismo.federal.gob.ar\/sitio\/wp-content\/uploads\/2025\/06\/file_00000000621061fba9c156b6e9349253-150x150.png 150w, https:\/\/turismo.federal.gob.ar\/sitio\/wp-content\/uploads\/2025\/06\/file_00000000621061fba9c156b6e9349253-768x768.png 768w\" sizes=\"auto, (max-width: 1024px) 100vw, 1024px\" \/>\t\t\t\t\t\t\t\t\t\t\t\t\t\t\t<\/p>\n<p><strong>Colonia Federal:<\/strong> Esta designaci\u00f3n le correspondi\u00f3 en el a\u00f1o 1884, mediante el proyecto de los diputados V\u00e1squez, Siburu y Mart\u00ednez, llevando el mismo nombre del distrito en el que se encontraba.<\/p>\n<h1><strong>El Escudo<\/strong><\/h1>\n<p>El 7 de mayo de 1973 por decreto N\u00ba 13\/73, firmado por el intendente Oscar Alcides Freire, Federal tiene su escudo oficial. La confecci\u00f3n estuvo a cargo del historiador y especialista en her\u00e1ldica Profesor Carlos T. de Pereira Liate, entre otros cargos: Secretario General de la Sociedad Argentina de Estudios Hist\u00f3ricos, honorario del Colegio Her\u00e1ldico de Buenos Aires, Miembro del Instituto Sanmartiniano de Per\u00fa, Orden Nacional de las Palmas Acad\u00e9micas de Francia.<\/p>\n<p>\t\t\t\t\t\t\t\t\t\t\t\t\t\t\t<img loading=\"lazy\" decoding=\"async\" width=\"942\" height=\"1024\" src=\"https:\/\/turismo.federal.gob.ar\/sitio\/wp-content\/uploads\/2025\/06\/escudo-federal-color-942x1024.png\" alt=\"\" srcset=\"https:\/\/turismo.federal.gob.ar\/sitio\/wp-content\/uploads\/2025\/06\/escudo-federal-color-942x1024.png 942w, https:\/\/turismo.federal.gob.ar\/sitio\/wp-content\/uploads\/2025\/06\/escudo-federal-color-276x300.png 276w, https:\/\/turismo.federal.gob.ar\/sitio\/wp-content\/uploads\/2025\/06\/escudo-federal-color-768x835.png 768w, https:\/\/turismo.federal.gob.ar\/sitio\/wp-content\/uploads\/2025\/06\/escudo-federal-color-1413x1536.png 1413w, https:\/\/turismo.federal.gob.ar\/sitio\/wp-content\/uploads\/2025\/06\/escudo-federal-color-1885x2048.png 1885w, https:\/\/turismo.federal.gob.ar\/sitio\/wp-content\/uploads\/2025\/06\/escudo-federal-color.png 1915w\" sizes=\"auto, (max-width: 942px) 100vw, 942px\" \/>\t\t\t\t\t\t\t\t\t\t\t\t\t\t\t<\/p>\n<h1>La Bandera de la ciudad<\/h1>\n<p>\t\t\t\t\t\t\t\t\t\t\t\t\t\t\t<img loading=\"lazy\" decoding=\"async\" width=\"799\" height=\"500\" src=\"https:\/\/turismo.federal.gob.ar\/sitio\/wp-content\/uploads\/2025\/06\/photo_2025-06-13_12-00-57.jpg\" alt=\"\" srcset=\"https:\/\/turismo.federal.gob.ar\/sitio\/wp-content\/uploads\/2025\/06\/photo_2025-06-13_12-00-57.jpg 799w, https:\/\/turismo.federal.gob.ar\/sitio\/wp-content\/uploads\/2025\/06\/photo_2025-06-13_12-00-57-300x188.jpg 300w, https:\/\/turismo.federal.gob.ar\/sitio\/wp-content\/uploads\/2025\/06\/photo_2025-06-13_12-00-57-768x481.jpg 768w\" sizes=\"auto, (max-width: 799px) 100vw, 799px\" \/>\t\t\t\t\t\t\t\t\t\t\t\t\t\t\t<\/p>\n<p>En el a\u00f1o 2005, al celebrarse el 125\u00ba Aniversario de la fundaci\u00f3n de Federal, la Municipalidad llamo a concurso p\u00fablico de dise\u00f1o de una bandera que contenga la m\u00e1s alta identificaci\u00f3n con la ciudad de Federal. Se presentaron 360 dise\u00f1os, la ganadora del concurso fue Laureana Cabrera, alumna por entonces de la escuela provincial N\u00ba 1 Vicente L\u00f3pez y Planes. El Municipio concreta su creaci\u00f3n y es reconocida por el Honorable Consejo Deliberante. Se le rinden los honores en tercer t\u00e9rmino, despu\u00e9s de la Bandera Nacional y la de Entre R\u00edos. Sus medidas son 1.40 de ancho por 0.90 de alto. Terciada en faja de azul celeste y blanco como la bandera nacional, con el escudo municipal hacia la vaina y una franja roja, que indica el federalismo, en el sector superior derecho.<\/p>\n","protected":false},"excerpt":{"rendered":"<p>A trav\u00e9s del tiempo cuatro denominaciones distintas y un mismo pasado hist\u00f3rico fue el com\u00fan para dar nombre a nuestra ciudad: Las Yeguas, Colonia Antelo, Colonia Federal y finalmente Federal. Las Yeguas: denominaci\u00f3n que comprend\u00eda el arroyo, el paraje y el distrito, caracterizado por el numeroso ganado caballar con predominio de yeguas. Esta designaci\u00f3n aparece [&hellip;]<\/p>\n","protected":false},"author":1,"featured_media":0,"parent":0,"menu_order":0,"comment_status":"closed","ping_status":"closed","template":"","meta":{"footnotes":""},"class_list":["post-58","page","type-page","status-publish","hentry"],"_links":{"self":[{"href":"https:\/\/turismo.federal.gob.ar\/sitio\/wp-json\/wp\/v2\/pages\/58","targetHints":{"allow":["GET"]}}],"collection":[{"href":"https:\/\/turismo.federal.gob.ar\/sitio\/wp-json\/wp\/v2\/pages"}],"about":[{"href":"https:\/\/turismo.federal.gob.ar\/sitio\/wp-json\/wp\/v2\/types\/page"}],"author":[{"embeddable":true,"href":"https:\/\/turismo.federal.gob.ar\/sitio\/wp-json\/wp\/v2\/users\/1"}],"replies":[{"embeddable":true,"href":"https:\/\/turismo.federal.gob.ar\/sitio\/wp-json\/wp\/v2\/comments?post=58"}],"version-history":[{"count":27,"href":"https:\/\/turismo.federal.gob.ar\/sitio\/wp-json\/wp\/v2\/pages\/58\/revisions"}],"predecessor-version":[{"id":196,"href":"https:\/\/turismo.federal.gob.ar\/sitio\/wp-json\/wp\/v2\/pages\/58\/revisions\/196"}],"wp:attachment":[{"href":"https:\/\/turismo.federal.gob.ar\/sitio\/wp-json\/wp\/v2\/media?parent=58"}],"curies":[{"name":"wp","href":"https:\/\/api.w.org\/{rel}","templated":true}]}}